{"id":35,"date":"2017-12-01T15:21:00","date_gmt":"2017-12-01T14:21:00","guid":{"rendered":"http:\/\/hostofollia.fr\/?page_id=35"},"modified":"2023-02-17T19:07:40","modified_gmt":"2023-02-17T18:07:40","slug":"partenaires","status":"publish","type":"page","link":"https:\/\/hostofollia.fr\/index.php\/partenaires\/","title":{"rendered":"Partenaires"},"content":{"rendered":"\n<p><strong>Ils soutiennent notre association par des dons ou du partenariat.<\/strong><\/p>\n\n\n\n<p><strong>Un grand Merci \u00e0 :<\/strong><\/p>\n\n\n\n<figure class=\"wp-block-image size-full\"><img loading=\"lazy\" decoding=\"async\" width=\"758\" height=\"488\" src=\"https:\/\/hostofollia.fr\/wp-content\/uploads\/2023\/02\/partenaires-hostofollia-v1.jpg\" alt=\"\" class=\"wp-image-133\" srcset=\"https:\/\/hostofollia.fr\/wp-content\/uploads\/2023\/02\/partenaires-hostofollia-v1.jpg 758w, https:\/\/hostofollia.fr\/wp-content\/uploads\/2023\/02\/partenaires-hostofollia-v1-300x193.jpg 300w\" sizes=\"auto, (max-width: 758px) 100vw, 758px\" \/><\/figure>\n\n\n\n<p><\/p>\n\n\n\n<p>Nous sommes une \u00ab\u00a0<strong>Association d&rsquo;int\u00e9r\u00eat g\u00e9n\u00e9ral<\/strong>\u00ab\u00a0, vos dons sont donc d\u00e9ductibles de vos imp\u00f4ts selon les r\u00e8gles en vigueur.<\/p>\n\n\n\n<p>Vous aussi devenez un acteur important.&nbsp;<\/p>\n\n\n\n<p>N\u2019h\u00e9sitez pas \u00e0 nous contacter en allant sur le menu &nbsp;\u00ab\u00a0<em><strong>Contact<\/strong><\/em>\u00ab\u00a0<\/p>\n","protected":false},"excerpt":{"rendered":"<p>Ils soutiennent notre association par des dons ou du partenariat. Un grand Merci \u00e0 : Nous sommes une \u00ab\u00a0Association d&rsquo;int\u00e9r\u00eat&hellip; <a class=\"read-more\" href=\"https:\/\/hostofollia.fr\/index.php\/partenaires\/\">Continuer la lecture<\/a><\/p>\n","protected":false},"author":2,"featured_media":0,"parent":0,"menu_order":0,"comment_status":"closed","ping_status":"closed","template":"","meta":{"footnotes":""},"class_list":["post-35","page","type-page","status-publish","hentry"],"yoast_head":"<!-- This site is optimized with the Yoast SEO plugin v23.5 - https:\/\/yoast.com\/wordpress\/plugins\/seo\/ -->\n<title>Partenaires - HOSTOFOLLIA<\/title>\n<meta name=\"robots\" content=\"index, follow, max-snippet:-1, max-image-preview:large, max-video-preview:-1\" \/>\n<link rel=\"canonical\" href=\"https:\/\/hostofollia.fr\/index.php\/partenaires\/\" \/>\n<meta property=\"og:locale\" content=\"fr_FR\" \/>\n<meta property=\"og:type\" content=\"article\" \/>\n<meta property=\"og:title\" content=\"Partenaires - HOSTOFOLLIA\" \/>\n<meta property=\"og:description\" content=\"Ils soutiennent notre association par des dons ou du partenariat. Un grand Merci \u00e0 : Nous sommes une \u00ab\u00a0Association d&rsquo;int\u00e9r\u00eat&hellip; Continuer la lecture\" \/>\n<meta property=\"og:url\" content=\"https:\/\/hostofollia.fr\/index.php\/partenaires\/\" \/>\n<meta property=\"og:site_name\" content=\"HOSTOFOLLIA\" \/>\n<meta property=\"article:publisher\" content=\"https:\/\/www.facebook.com\/people\/Hostofollia\/100048729834630\/\" \/>\n<meta property=\"article:modified_time\" content=\"2023-02-17T18:07:40+00:00\" \/>\n<meta property=\"og:image\" content=\"http:\/\/hostofollia.fr\/wp-content\/uploads\/2023\/02\/partenaires-hostofollia-v1.jpg\" \/>\n<meta name=\"twitter:card\" content=\"summary_large_image\" \/>\n<script type=\"application\/ld+json\" class=\"yoast-schema-graph\">{\"@context\":\"https:\/\/schema.org\",\"@graph\":[{\"@type\":\"WebPage\",\"@id\":\"https:\/\/hostofollia.fr\/index.php\/partenaires\/\",\"url\":\"https:\/\/hostofollia.fr\/index.php\/partenaires\/\",\"name\":\"Partenaires - HOSTOFOLLIA\",\"isPartOf\":{\"@id\":\"https:\/\/hostofollia.fr\/#website\"},\"primaryImageOfPage\":{\"@id\":\"https:\/\/hostofollia.fr\/index.php\/partenaires\/#primaryimage\"},\"image\":{\"@id\":\"https:\/\/hostofollia.fr\/index.php\/partenaires\/#primaryimage\"},\"thumbnailUrl\":\"http:\/\/hostofollia.fr\/wp-content\/uploads\/2023\/02\/partenaires-hostofollia-v1.jpg\",\"datePublished\":\"2017-12-01T14:21:00+00:00\",\"dateModified\":\"2023-02-17T18:07:40+00:00\",\"breadcrumb\":{\"@id\":\"https:\/\/hostofollia.fr\/index.php\/partenaires\/#breadcrumb\"},\"inLanguage\":\"fr-FR\",\"potentialAction\":[{\"@type\":\"ReadAction\",\"target\":[\"https:\/\/hostofollia.fr\/index.php\/partenaires\/\"]}]},{\"@type\":\"ImageObject\",\"inLanguage\":\"fr-FR\",\"@id\":\"https:\/\/hostofollia.fr\/index.php\/partenaires\/#primaryimage\",\"url\":\"http:\/\/hostofollia.fr\/wp-content\/uploads\/2023\/02\/partenaires-hostofollia-v1.jpg\",\"contentUrl\":\"http:\/\/hostofollia.fr\/wp-content\/uploads\/2023\/02\/partenaires-hostofollia-v1.jpg\"},{\"@type\":\"BreadcrumbList\",\"@id\":\"https:\/\/hostofollia.fr\/index.php\/partenaires\/#breadcrumb\",\"itemListElement\":[{\"@type\":\"ListItem\",\"position\":1,\"name\":\"Accueil\",\"item\":\"https:\/\/hostofollia.fr\/\"},{\"@type\":\"ListItem\",\"position\":2,\"name\":\"Partenaires\"}]},{\"@type\":\"WebSite\",\"@id\":\"https:\/\/hostofollia.fr\/#website\",\"url\":\"https:\/\/hostofollia.fr\/\",\"name\":\"Hostofollia\",\"description\":\"Un autre regard sur la vie\",\"alternateName\":\"Groupe vocal Hostoffolia\",\"potentialAction\":[{\"@type\":\"SearchAction\",\"target\":{\"@type\":\"EntryPoint\",\"urlTemplate\":\"https:\/\/hostofollia.fr\/?s={search_term_string}\"},\"query-input\":{\"@type\":\"PropertyValueSpecification\",\"valueRequired\":true,\"valueName\":\"search_term_string\"}}],\"inLanguage\":\"fr-FR\"},{\"@type\":\"Person\",\"@id\":\"https:\/\/hostofollia.fr\/#\/schema\/person\/97168a4eec3cf04dc76881128910b504\",\"name\":\"Asso Hostofollia\",\"image\":{\"@type\":\"ImageObject\",\"inLanguage\":\"fr-FR\",\"@id\":\"https:\/\/hostofollia.fr\/#\/schema\/person\/image\/\",\"url\":\"https:\/\/secure.gravatar.com\/avatar\/ed9906fbf984947b50958bcc441fe65ed0c4ff95c93f3f7f8b61dc851ce3f8db?s=96&d=mm&r=g\",\"contentUrl\":\"https:\/\/secure.gravatar.com\/avatar\/ed9906fbf984947b50958bcc441fe65ed0c4ff95c93f3f7f8b61dc851ce3f8db?s=96&d=mm&r=g\",\"caption\":\"Asso Hostofollia\"},\"url\":\"https:\/\/hostofollia.fr\/index.php\/author\/hostofollia\/\"}]}<\/script>\n<!-- \/ Yoast SEO plugin. -->","yoast_head_json":{"title":"Partenaires - HOSTOFOLLIA","robots":{"index":"index","follow":"follow","max-snippet":"max-snippet:-1","max-image-preview":"max-image-preview:large","max-video-preview":"max-video-preview:-1"},"canonical":"https:\/\/hostofollia.fr\/index.php\/partenaires\/","og_locale":"fr_FR","og_type":"article","og_title":"Partenaires - HOSTOFOLLIA","og_description":"Ils soutiennent notre association par des dons ou du partenariat. Un grand Merci \u00e0 : Nous sommes une \u00ab\u00a0Association d&rsquo;int\u00e9r\u00eat&hellip; Continuer la lecture","og_url":"https:\/\/hostofollia.fr\/index.php\/partenaires\/","og_site_name":"HOSTOFOLLIA","article_publisher":"https:\/\/www.facebook.com\/people\/Hostofollia\/100048729834630\/","article_modified_time":"2023-02-17T18:07:40+00:00","og_image":[{"url":"http:\/\/hostofollia.fr\/wp-content\/uploads\/2023\/02\/partenaires-hostofollia-v1.jpg"}],"twitter_card":"summary_large_image","schema":{"@context":"https:\/\/schema.org","@graph":[{"@type":"WebPage","@id":"https:\/\/hostofollia.fr\/index.php\/partenaires\/","url":"https:\/\/hostofollia.fr\/index.php\/partenaires\/","name":"Partenaires - HOSTOFOLLIA","isPartOf":{"@id":"https:\/\/hostofollia.fr\/#website"},"primaryImageOfPage":{"@id":"https:\/\/hostofollia.fr\/index.php\/partenaires\/#primaryimage"},"image":{"@id":"https:\/\/hostofollia.fr\/index.php\/partenaires\/#primaryimage"},"thumbnailUrl":"http:\/\/hostofollia.fr\/wp-content\/uploads\/2023\/02\/partenaires-hostofollia-v1.jpg","datePublished":"2017-12-01T14:21:00+00:00","dateModified":"2023-02-17T18:07:40+00:00","breadcrumb":{"@id":"https:\/\/hostofollia.fr\/index.php\/partenaires\/#breadcrumb"},"inLanguage":"fr-FR","potentialAction":[{"@type":"ReadAction","target":["https:\/\/hostofollia.fr\/index.php\/partenaires\/"]}]},{"@type":"ImageObject","inLanguage":"fr-FR","@id":"https:\/\/hostofollia.fr\/index.php\/partenaires\/#primaryimage","url":"http:\/\/hostofollia.fr\/wp-content\/uploads\/2023\/02\/partenaires-hostofollia-v1.jpg","contentUrl":"http:\/\/hostofollia.fr\/wp-content\/uploads\/2023\/02\/partenaires-hostofollia-v1.jpg"},{"@type":"BreadcrumbList","@id":"https:\/\/hostofollia.fr\/index.php\/partenaires\/#breadcrumb","itemListElement":[{"@type":"ListItem","position":1,"name":"Accueil","item":"https:\/\/hostofollia.fr\/"},{"@type":"ListItem","position":2,"name":"Partenaires"}]},{"@type":"WebSite","@id":"https:\/\/hostofollia.fr\/#website","url":"https:\/\/hostofollia.fr\/","name":"Hostofollia","description":"Un autre regard sur la vie","alternateName":"Groupe vocal Hostoffolia","potentialAction":[{"@type":"SearchAction","target":{"@type":"EntryPoint","urlTemplate":"https:\/\/hostofollia.fr\/?s={search_term_string}"},"query-input":{"@type":"PropertyValueSpecification","valueRequired":true,"valueName":"search_term_string"}}],"inLanguage":"fr-FR"},{"@type":"Person","@id":"https:\/\/hostofollia.fr\/#\/schema\/person\/97168a4eec3cf04dc76881128910b504","name":"Asso Hostofollia","image":{"@type":"ImageObject","inLanguage":"fr-FR","@id":"https:\/\/hostofollia.fr\/#\/schema\/person\/image\/","url":"https:\/\/secure.gravatar.com\/avatar\/ed9906fbf984947b50958bcc441fe65ed0c4ff95c93f3f7f8b61dc851ce3f8db?s=96&d=mm&r=g","contentUrl":"https:\/\/secure.gravatar.com\/avatar\/ed9906fbf984947b50958bcc441fe65ed0c4ff95c93f3f7f8b61dc851ce3f8db?s=96&d=mm&r=g","caption":"Asso Hostofollia"},"url":"https:\/\/hostofollia.fr\/index.php\/author\/hostofollia\/"}]}},"_links":{"self":[{"href":"https:\/\/hostofollia.fr\/index.php\/wp-json\/wp\/v2\/pages\/35","targetHints":{"allow":["GET"]}}],"collection":[{"href":"https:\/\/hostofollia.fr\/index.php\/wp-json\/wp\/v2\/pages"}],"about":[{"href":"https:\/\/hostofollia.fr\/index.php\/wp-json\/wp\/v2\/types\/page"}],"author":[{"embeddable":true,"href":"https:\/\/hostofollia.fr\/index.php\/wp-json\/wp\/v2\/users\/2"}],"replies":[{"embeddable":true,"href":"https:\/\/hostofollia.fr\/index.php\/wp-json\/wp\/v2\/comments?post=35"}],"version-history":[{"count":3,"href":"https:\/\/hostofollia.fr\/index.php\/wp-json\/wp\/v2\/pages\/35\/revisions"}],"predecessor-version":[{"id":135,"href":"https:\/\/hostofollia.fr\/index.php\/wp-json\/wp\/v2\/pages\/35\/revisions\/135"}],"wp:attachment":[{"href":"https:\/\/hostofollia.fr\/index.php\/wp-json\/wp\/v2\/media?parent=35"}],"curies":[{"name":"wp","href":"https:\/\/api.w.org\/{rel}","templated":true}]}}