{"id":36,"date":"2023-02-17T15:21:48","date_gmt":"2023-02-17T14:21:48","guid":{"rendered":"http:\/\/hostofollia.fr\/?page_id=36"},"modified":"2023-02-17T17:14:38","modified_gmt":"2023-02-17T16:14:38","slug":"normands-de-choeur","status":"publish","type":"page","link":"https:\/\/hostofollia.fr\/index.php\/normands-de-choeur\/","title":{"rendered":"Normands de Choeur"},"content":{"rendered":"\n<figure class=\"wp-block-image size-full\"><img loading=\"lazy\" decoding=\"async\" width=\"919\" height=\"337\" src=\"https:\/\/hostofollia.fr\/wp-content\/uploads\/2023\/02\/Normands-de-choeur.png\" alt=\"\" class=\"wp-image-60\" srcset=\"https:\/\/hostofollia.fr\/wp-content\/uploads\/2023\/02\/Normands-de-choeur.png 919w, https:\/\/hostofollia.fr\/wp-content\/uploads\/2023\/02\/Normands-de-choeur-300x110.png 300w, https:\/\/hostofollia.fr\/wp-content\/uploads\/2023\/02\/Normands-de-choeur-768x282.png 768w\" sizes=\"auto, (max-width: 919px) 100vw, 919px\" \/><\/figure>\n\n\n\n<p>Vous aimez chanter ? Vous habitez en Normandie ? Que vous soyez dans une chorale ou en solo, l&rsquo;association \u00ab\u00a0Normands de Choeur\u00a0\u00bb, partenaire de la marque NORMANDIE, agit pour que la passion du chant s&rsquo;\u00e9tende sur toute la Normandie.<\/p>\n\n\n\n<p><a href=\"https:\/\/www.helloasso.com\/associations\/normands-de-choeur\">https:\/\/www.helloasso.com\/associations\/normands-de-choeur<\/a><\/p>\n\n\n\n<p><\/p>\n\n\n\n<hr class=\"wp-block-separator has-alpha-channel-opacity\"\/>\n\n\n\n<h2 class=\"wp-block-heading\"><strong>Grand Choral pour la Paix<\/strong><\/h2>\n\n\n\n<p><strong>Inscriptions<\/strong><\/p>\n\n\n\n<p><\/p>\n\n\n\n<p>Amis choristes de Normandie, Avec Normands de Ch\u0153ur, nous souhaitons monter des projets ambitieux et enthousiasmants, qui r\u00e9unissent les choristes de toute la Normandie. Apr\u00e8s de premi\u00e8res exp\u00e9rimentations d\u2019atelier chorale salu\u00e9es par les participants pour l\u2019ambiance chaleureuse, l\u2019humour, la qualit\u00e9 des titres et des arrangements, les comp\u00e9tences des pianistes, chefs de ch\u0153ur et organisateurs, le niveau d\u2019exigence et la bienveillance de l\u2019\u00e9quipe, nous vous proposons une nouveaut\u00e9 &#8230;<\/p>\n\n\n\n<p><a href=\"https:\/\/www.helloasso.com\/associations\/normands-de-choeur\/adhesions\/pre-inscription-200-voix-pour-la-paix\">https:\/\/www.helloasso.com\/associations\/normands-de-choeur\/adhesions\/pre-inscription-200-voix-pour-la-paix<\/a><\/p>\n","protected":false},"excerpt":{"rendered":"<p>Vous aimez chanter ? Vous habitez en Normandie ? Que vous soyez dans une chorale ou en solo, l&rsquo;association \u00ab\u00a0Normands&hellip; <a class=\"read-more\" href=\"https:\/\/hostofollia.fr\/index.php\/normands-de-choeur\/\">Continuer la lecture<\/a><\/p>\n","protected":false},"author":2,"featured_media":0,"parent":0,"menu_order":0,"comment_status":"closed","ping_status":"closed","template":"","meta":{"footnotes":""},"class_list":["post-36","page","type-page","status-publish","hentry"],"yoast_head":"<!-- This site is optimized with the Yoast SEO plugin v23.5 - https:\/\/yoast.com\/wordpress\/plugins\/seo\/ -->\n<title>Normands de Choeur - HOSTOFOLLIA<\/title>\n<meta name=\"robots\" content=\"index, follow, max-snippet:-1, max-image-preview:large, max-video-preview:-1\" \/>\n<link rel=\"canonical\" href=\"https:\/\/hostofollia.fr\/index.php\/normands-de-choeur\/\" \/>\n<meta property=\"og:locale\" content=\"fr_FR\" \/>\n<meta property=\"og:type\" content=\"article\" \/>\n<meta property=\"og:title\" content=\"Normands de Choeur - HOSTOFOLLIA\" \/>\n<meta property=\"og:description\" content=\"Vous aimez chanter ? Vous habitez en Normandie ? Que vous soyez dans une chorale ou en solo, l&rsquo;association \u00ab\u00a0Normands&hellip; Continuer la lecture\" \/>\n<meta property=\"og:url\" content=\"https:\/\/hostofollia.fr\/index.php\/normands-de-choeur\/\" \/>\n<meta property=\"og:site_name\" content=\"HOSTOFOLLIA\" \/>\n<meta property=\"article:publisher\" content=\"https:\/\/www.facebook.com\/people\/Hostofollia\/100048729834630\/\" \/>\n<meta property=\"article:modified_time\" content=\"2023-02-17T16:14:38+00:00\" \/>\n<meta property=\"og:image\" content=\"http:\/\/hostofollia.fr\/wp-content\/uploads\/2023\/02\/Normands-de-choeur.png\" \/>\n<meta name=\"twitter:card\" content=\"summary_large_image\" \/>\n<meta name=\"twitter:label1\" content=\"Dur\u00e9e de lecture estim\u00e9e\" \/>\n\t<meta name=\"twitter:data1\" content=\"1 minute\" \/>\n<script type=\"application\/ld+json\" class=\"yoast-schema-graph\">{\"@context\":\"https:\/\/schema.org\",\"@graph\":[{\"@type\":\"WebPage\",\"@id\":\"https:\/\/hostofollia.fr\/index.php\/normands-de-choeur\/\",\"url\":\"https:\/\/hostofollia.fr\/index.php\/normands-de-choeur\/\",\"name\":\"Normands de Choeur - HOSTOFOLLIA\",\"isPartOf\":{\"@id\":\"https:\/\/hostofollia.fr\/#website\"},\"primaryImageOfPage\":{\"@id\":\"https:\/\/hostofollia.fr\/index.php\/normands-de-choeur\/#primaryimage\"},\"image\":{\"@id\":\"https:\/\/hostofollia.fr\/index.php\/normands-de-choeur\/#primaryimage\"},\"thumbnailUrl\":\"http:\/\/hostofollia.fr\/wp-content\/uploads\/2023\/02\/Normands-de-choeur.png\",\"datePublished\":\"2023-02-17T14:21:48+00:00\",\"dateModified\":\"2023-02-17T16:14:38+00:00\",\"breadcrumb\":{\"@id\":\"https:\/\/hostofollia.fr\/index.php\/normands-de-choeur\/#breadcrumb\"},\"inLanguage\":\"fr-FR\",\"potentialAction\":[{\"@type\":\"ReadAction\",\"target\":[\"https:\/\/hostofollia.fr\/index.php\/normands-de-choeur\/\"]}]},{\"@type\":\"ImageObject\",\"inLanguage\":\"fr-FR\",\"@id\":\"https:\/\/hostofollia.fr\/index.php\/normands-de-choeur\/#primaryimage\",\"url\":\"http:\/\/hostofollia.fr\/wp-content\/uploads\/2023\/02\/Normands-de-choeur.png\",\"contentUrl\":\"http:\/\/hostofollia.fr\/wp-content\/uploads\/2023\/02\/Normands-de-choeur.png\"},{\"@type\":\"BreadcrumbList\",\"@id\":\"https:\/\/hostofollia.fr\/index.php\/normands-de-choeur\/#breadcrumb\",\"itemListElement\":[{\"@type\":\"ListItem\",\"position\":1,\"name\":\"Accueil\",\"item\":\"https:\/\/hostofollia.fr\/\"},{\"@type\":\"ListItem\",\"position\":2,\"name\":\"Normands de Choeur\"}]},{\"@type\":\"WebSite\",\"@id\":\"https:\/\/hostofollia.fr\/#website\",\"url\":\"https:\/\/hostofollia.fr\/\",\"name\":\"Hostofollia\",\"description\":\"Un autre regard sur la vie\",\"alternateName\":\"Groupe vocal Hostoffolia\",\"potentialAction\":[{\"@type\":\"SearchAction\",\"target\":{\"@type\":\"EntryPoint\",\"urlTemplate\":\"https:\/\/hostofollia.fr\/?s={search_term_string}\"},\"query-input\":{\"@type\":\"PropertyValueSpecification\",\"valueRequired\":true,\"valueName\":\"search_term_string\"}}],\"inLanguage\":\"fr-FR\"},{\"@type\":\"Person\",\"@id\":\"https:\/\/hostofollia.fr\/#\/schema\/person\/97168a4eec3cf04dc76881128910b504\",\"name\":\"Asso Hostofollia\",\"image\":{\"@type\":\"ImageObject\",\"inLanguage\":\"fr-FR\",\"@id\":\"https:\/\/hostofollia.fr\/#\/schema\/person\/image\/\",\"url\":\"https:\/\/secure.gravatar.com\/avatar\/ed9906fbf984947b50958bcc441fe65ed0c4ff95c93f3f7f8b61dc851ce3f8db?s=96&d=mm&r=g\",\"contentUrl\":\"https:\/\/secure.gravatar.com\/avatar\/ed9906fbf984947b50958bcc441fe65ed0c4ff95c93f3f7f8b61dc851ce3f8db?s=96&d=mm&r=g\",\"caption\":\"Asso Hostofollia\"},\"url\":\"https:\/\/hostofollia.fr\/index.php\/author\/hostofollia\/\"}]}<\/script>\n<!-- \/ Yoast SEO plugin. -->","yoast_head_json":{"title":"Normands de Choeur - HOSTOFOLLIA","robots":{"index":"index","follow":"follow","max-snippet":"max-snippet:-1","max-image-preview":"max-image-preview:large","max-video-preview":"max-video-preview:-1"},"canonical":"https:\/\/hostofollia.fr\/index.php\/normands-de-choeur\/","og_locale":"fr_FR","og_type":"article","og_title":"Normands de Choeur - HOSTOFOLLIA","og_description":"Vous aimez chanter ? Vous habitez en Normandie ? Que vous soyez dans une chorale ou en solo, l&rsquo;association \u00ab\u00a0Normands&hellip; Continuer la lecture","og_url":"https:\/\/hostofollia.fr\/index.php\/normands-de-choeur\/","og_site_name":"HOSTOFOLLIA","article_publisher":"https:\/\/www.facebook.com\/people\/Hostofollia\/100048729834630\/","article_modified_time":"2023-02-17T16:14:38+00:00","og_image":[{"url":"http:\/\/hostofollia.fr\/wp-content\/uploads\/2023\/02\/Normands-de-choeur.png"}],"twitter_card":"summary_large_image","twitter_misc":{"Dur\u00e9e de lecture estim\u00e9e":"1 minute"},"schema":{"@context":"https:\/\/schema.org","@graph":[{"@type":"WebPage","@id":"https:\/\/hostofollia.fr\/index.php\/normands-de-choeur\/","url":"https:\/\/hostofollia.fr\/index.php\/normands-de-choeur\/","name":"Normands de Choeur - HOSTOFOLLIA","isPartOf":{"@id":"https:\/\/hostofollia.fr\/#website"},"primaryImageOfPage":{"@id":"https:\/\/hostofollia.fr\/index.php\/normands-de-choeur\/#primaryimage"},"image":{"@id":"https:\/\/hostofollia.fr\/index.php\/normands-de-choeur\/#primaryimage"},"thumbnailUrl":"http:\/\/hostofollia.fr\/wp-content\/uploads\/2023\/02\/Normands-de-choeur.png","datePublished":"2023-02-17T14:21:48+00:00","dateModified":"2023-02-17T16:14:38+00:00","breadcrumb":{"@id":"https:\/\/hostofollia.fr\/index.php\/normands-de-choeur\/#breadcrumb"},"inLanguage":"fr-FR","potentialAction":[{"@type":"ReadAction","target":["https:\/\/hostofollia.fr\/index.php\/normands-de-choeur\/"]}]},{"@type":"ImageObject","inLanguage":"fr-FR","@id":"https:\/\/hostofollia.fr\/index.php\/normands-de-choeur\/#primaryimage","url":"http:\/\/hostofollia.fr\/wp-content\/uploads\/2023\/02\/Normands-de-choeur.png","contentUrl":"http:\/\/hostofollia.fr\/wp-content\/uploads\/2023\/02\/Normands-de-choeur.png"},{"@type":"BreadcrumbList","@id":"https:\/\/hostofollia.fr\/index.php\/normands-de-choeur\/#breadcrumb","itemListElement":[{"@type":"ListItem","position":1,"name":"Accueil","item":"https:\/\/hostofollia.fr\/"},{"@type":"ListItem","position":2,"name":"Normands de Choeur"}]},{"@type":"WebSite","@id":"https:\/\/hostofollia.fr\/#website","url":"https:\/\/hostofollia.fr\/","name":"Hostofollia","description":"Un autre regard sur la vie","alternateName":"Groupe vocal Hostoffolia","potentialAction":[{"@type":"SearchAction","target":{"@type":"EntryPoint","urlTemplate":"https:\/\/hostofollia.fr\/?s={search_term_string}"},"query-input":{"@type":"PropertyValueSpecification","valueRequired":true,"valueName":"search_term_string"}}],"inLanguage":"fr-FR"},{"@type":"Person","@id":"https:\/\/hostofollia.fr\/#\/schema\/person\/97168a4eec3cf04dc76881128910b504","name":"Asso Hostofollia","image":{"@type":"ImageObject","inLanguage":"fr-FR","@id":"https:\/\/hostofollia.fr\/#\/schema\/person\/image\/","url":"https:\/\/secure.gravatar.com\/avatar\/ed9906fbf984947b50958bcc441fe65ed0c4ff95c93f3f7f8b61dc851ce3f8db?s=96&d=mm&r=g","contentUrl":"https:\/\/secure.gravatar.com\/avatar\/ed9906fbf984947b50958bcc441fe65ed0c4ff95c93f3f7f8b61dc851ce3f8db?s=96&d=mm&r=g","caption":"Asso Hostofollia"},"url":"https:\/\/hostofollia.fr\/index.php\/author\/hostofollia\/"}]}},"_links":{"self":[{"href":"https:\/\/hostofollia.fr\/index.php\/wp-json\/wp\/v2\/pages\/36","targetHints":{"allow":["GET"]}}],"collection":[{"href":"https:\/\/hostofollia.fr\/index.php\/wp-json\/wp\/v2\/pages"}],"about":[{"href":"https:\/\/hostofollia.fr\/index.php\/wp-json\/wp\/v2\/types\/page"}],"author":[{"embeddable":true,"href":"https:\/\/hostofollia.fr\/index.php\/wp-json\/wp\/v2\/users\/2"}],"replies":[{"embeddable":true,"href":"https:\/\/hostofollia.fr\/index.php\/wp-json\/wp\/v2\/comments?post=36"}],"version-history":[{"count":3,"href":"https:\/\/hostofollia.fr\/index.php\/wp-json\/wp\/v2\/pages\/36\/revisions"}],"predecessor-version":[{"id":62,"href":"https:\/\/hostofollia.fr\/index.php\/wp-json\/wp\/v2\/pages\/36\/revisions\/62"}],"wp:attachment":[{"href":"https:\/\/hostofollia.fr\/index.php\/wp-json\/wp\/v2\/media?parent=36"}],"curies":[{"name":"wp","href":"https:\/\/api.w.org\/{rel}","templated":true}]}}